{"id":3212,"date":"2025-02-06T11:01:01","date_gmt":"2025-02-06T08:01:01","guid":{"rendered":"https:\/\/cereskozmetik.com\/congresses-and-fairs\/"},"modified":"2026-01-14T14:12:14","modified_gmt":"2026-01-14T11:12:14","slug":"congresses-and-fairs","status":"publish","type":"page","link":"https:\/\/cereskozmetik.com\/en\/congresses-and-fairs\/","title":{"rendered":"Congresses and Fairs"},"content":{"rendered":"<p>&#8220;You can discover domestic and international congresses with the events we organize as Ceres. When you apply, our customer representative will contact you as soon as possible.&#8221;<\/p>\n<div class=\"wpdt-c row wpDataTableContainerSimpleTable wpDataTables wpDataTablesWrapper\n\"\n    >\n        <table id=\"wpdtSimpleTable-73\"\n           style=\"border-collapse:collapse;\n                   border-spacing:0px;\"\n           class=\"wpdtSimpleTable wpDataTable\"\n           data-column=\"6\"\n           data-rows=\"7\"\n           data-wpID=\"73\"\n           data-responsive=\"1\"\n           data-has-header=\"0\">\n\n                    <tbody>        <tr class=\"wpdt-cell-row \" >\n                                <td class=\"wpdt-cell wpdt-bc-8D6F4A wpdt-tc-FFFFFF\"\n                                            data-cell-id=\"A1\"\n                    data-col-index=\"0\"\n                    data-row-index=\"0\"\n                    style=\" width:15.479876160991%;                    padding:10px;\n                    \"\n                    >\n                                        BA\u015eVURU                    <\/td>\n                                                <td class=\"wpdt-cell wpdt-bc-8D6F4A wpdt-tc-FFFFFF\"\n                                            data-cell-id=\"B1\"\n                    data-col-index=\"1\"\n                    data-row-index=\"0\"\n                    style=\" width:15.479876160991%;                    padding:10px;\n                    \"\n                    >\n                                        DURUM                    <\/td>\n                                                <td class=\"wpdt-cell wpdt-bc-8D6F4A wpdt-tc-FFFFFF\"\n                                            data-cell-id=\"C1\"\n                    data-col-index=\"2\"\n                    data-row-index=\"0\"\n                    style=\" width:16.71826625387%;                    padding:10px;\n                    \"\n                    >\n                                        TAR\u0130H                    <\/td>\n                                                <td class=\"wpdt-cell wpdt-bc-8D6F4A wpdt-tc-FFFFFF\"\n                                            data-cell-id=\"D1\"\n                    data-col-index=\"3\"\n                    data-row-index=\"0\"\n                    style=\" width:21.362229102167%;                    padding:10px;\n                    \"\n                    >\n                                        ETK\u0130NL\u0130K ADI                    <\/td>\n                                                <td class=\"wpdt-cell wpdt-bc-8D6F4A wpdt-tc-FFFFFF\"\n                                            data-cell-id=\"E1\"\n                    data-col-index=\"4\"\n                    data-row-index=\"0\"\n                    style=\" width:15.479876160991%;                    padding:10px;\n                    \"\n                    >\n                                        YER                    <\/td>\n                                                <td class=\"wpdt-cell wpdt-bc-8D6F4A wpdt-tc-FFFFFF\"\n                                            data-cell-id=\"F1\"\n                    data-col-index=\"5\"\n                    data-row-index=\"0\"\n                    style=\" width:15.479876160991%;                    padding:10px;\n                    \"\n                    >\n                                        KATILIMCI                    <\/td>\n                                        <\/tr>\n                            <tr class=\"wpdt-cell-row \" >\n                                <td class=\"wpdt-cell \"\n                                            data-cell-id=\"A2\"\n                    data-col-index=\"0\"\n                    data-row-index=\"1\"\n                    style=\"                    padding:10px;\n                    \"\n                    >\n                                        -                    <\/td>\n                                                <td class=\"wpdt-cell wpdt-tc-FF1100 wpdt-align-center\"\n                                            data-cell-id=\"B2\"\n                    data-col-index=\"1\"\n                    data-row-index=\"1\"\n                    style=\"                    padding:10px;\n                    \"\n                    >\n                                        TAMAMLANDI                    <\/td>\n                                                <td class=\"wpdt-cell \"\n                                            data-cell-id=\"C2\"\n                    data-col-index=\"2\"\n                    data-row-index=\"1\"\n                    style=\"                    padding:10px;\n                    \"\n                    >\n                                        20.02.2025                    <\/td>\n                                                <td class=\"wpdt-cell \"\n                                            data-cell-id=\"D2\"\n                    data-col-index=\"3\"\n                    data-row-index=\"1\"\n                    style=\"                    padding:10px;\n                    \"\n                    >\n                                        CERES B\u00d6LGE E\u011e\u0130T\u0130M\u0130                    <\/td>\n                                                <td class=\"wpdt-cell \"\n                                            data-cell-id=\"E2\"\n                    data-col-index=\"4\"\n                    data-row-index=\"1\"\n                    style=\"                    padding:10px;\n                    \"\n                    >\n                                        \u0130stanbul, Elite World Hotel                    <\/td>\n                                                <td class=\"wpdt-cell \"\n                                            data-cell-id=\"F2\"\n                    data-col-index=\"5\"\n                    data-row-index=\"1\"\n                    style=\"                    padding:10px;\n                    \"\n                    >\n                                        Estetisyen, g\u00fczellik uzman\u0131 ve i\u015fletme sahibi                    <\/td>\n                                        <\/tr>\n                            <tr class=\"wpdt-cell-row \" >\n                                <td class=\"wpdt-cell wpdt-tc-1270BD\"\n                                            data-cell-id=\"A3\"\n                    data-col-index=\"0\"\n                    data-row-index=\"2\"\n                    style=\"                    padding:10px;\n                    \"\n                    >\n                                        -                    <\/td>\n                                                <td class=\"wpdt-cell wpdt-tc-FF1100 wpdt-align-center\"\n                                            data-cell-id=\"B3\"\n                    data-col-index=\"1\"\n                    data-row-index=\"2\"\n                    style=\"                    padding:10px;\n                    \"\n                    >\n                                        TAMAMLANDI                    <\/td>\n                                                <td class=\"wpdt-cell \"\n                                            data-cell-id=\"C3\"\n                    data-col-index=\"2\"\n                    data-row-index=\"2\"\n                    style=\"                    padding:10px;\n                    \"\n                    >\n                                        14-16.04.2025                    <\/td>\n                                                <td class=\"wpdt-cell \"\n                                            data-cell-id=\"D3\"\n                    data-col-index=\"3\"\n                    data-row-index=\"2\"\n                    style=\"                    padding:10px;\n                    \"\n                    >\n                                        Dubai Derma                    <\/td>\n                                                <td class=\"wpdt-cell \"\n                                            data-cell-id=\"E3\"\n                    data-col-index=\"4\"\n                    data-row-index=\"2\"\n                    style=\"                    padding:10px;\n                    \"\n                    >\n                                        Dubai                    <\/td>\n                                                <td class=\"wpdt-cell \"\n                                            data-cell-id=\"F3\"\n                    data-col-index=\"5\"\n                    data-row-index=\"2\"\n                    style=\"                    padding:10px;\n                    \"\n                    >\n                                        -                    <\/td>\n                                        <\/tr>\n                            <tr class=\"wpdt-cell-row \" >\n                                <td class=\"wpdt-cell wpdt-tc-1270BD\"\n                                            data-cell-id=\"A4\"\n                    data-col-index=\"0\"\n                    data-row-index=\"3\"\n                    style=\"                    padding:10px;\n                    \"\n                    >\n                                        -                    <\/td>\n                                                <td class=\"wpdt-cell wpdt-tc-FF1100 wpdt-align-center\"\n                                            data-cell-id=\"B4\"\n                    data-col-index=\"1\"\n                    data-row-index=\"3\"\n                    style=\"                    padding:10px;\n                    \"\n                    >\n                                        TAMAMLANDI                    <\/td>\n                                                <td class=\"wpdt-cell \"\n                                            data-cell-id=\"C4\"\n                    data-col-index=\"2\"\n                    data-row-index=\"3\"\n                    style=\"                    padding:10px;\n                    \"\n                    >\n                                        21.04.2025                    <\/td>\n                                                <td class=\"wpdt-cell \"\n                                            data-cell-id=\"D4\"\n                    data-col-index=\"3\"\n                    data-row-index=\"3\"\n                    style=\"                    padding:10px;\n                    \"\n                    >\n                                        CERES B\u00d6LGE E\u011e\u0130T\u0130M\u0130                    <\/td>\n                                                <td class=\"wpdt-cell \"\n                                            data-cell-id=\"E4\"\n                    data-col-index=\"4\"\n                    data-row-index=\"3\"\n                    style=\"                    padding:10px;\n                    \"\n                    >\n                                        Ceres Kozmetik                    <\/td>\n                                                <td class=\"wpdt-cell \"\n                                            data-cell-id=\"F4\"\n                    data-col-index=\"5\"\n                    data-row-index=\"3\"\n                    style=\"                    padding:10px;\n                    \"\n                    >\n                                        Estetisyen, g\u00fczellik uzman\u0131 ve i\u015fletme sahibi                    <\/td>\n                                        <\/tr>\n                            <tr class=\"wpdt-cell-row \" >\n                                <td class=\"wpdt-cell wpdt-tc-1270BD\"\n                                            data-cell-id=\"A5\"\n                    data-col-index=\"0\"\n                    data-row-index=\"4\"\n                    style=\"                    padding:10px;\n                    \"\n                    >\n                                        -                    <\/td>\n                                                <td class=\"wpdt-cell wpdt-tc-FF1100\"\n                                            data-cell-id=\"B5\"\n                    data-col-index=\"1\"\n                    data-row-index=\"4\"\n                    style=\"                    padding:10px;\n                    \"\n                    >\n                                        TAMAMLANDI                    <\/td>\n                                                <td class=\"wpdt-cell \"\n                                            data-cell-id=\"C5\"\n                    data-col-index=\"2\"\n                    data-row-index=\"4\"\n                    style=\"                    padding:10px;\n                    \"\n                    >\n                                        01.07.2025                    <\/td>\n                                                <td class=\"wpdt-cell \"\n                                            data-cell-id=\"D5\"\n                    data-col-index=\"3\"\n                    data-row-index=\"4\"\n                    style=\"                    padding:10px;\n                    \"\n                    >\n                                        CERES B\u00d6LGE E\u011e\u0130T\u0130M\u0130                    <\/td>\n                                                <td class=\"wpdt-cell \"\n                                            data-cell-id=\"E5\"\n                    data-col-index=\"4\"\n                    data-row-index=\"4\"\n                    style=\"                    padding:10px;\n                    \"\n                    >\n                                        DoubleTree by Hilton Gaziantep                    <\/td>\n                                                <td class=\"wpdt-cell \"\n                                            data-cell-id=\"F5\"\n                    data-col-index=\"5\"\n                    data-row-index=\"4\"\n                    style=\"                    padding:10px;\n                    \"\n                    >\n                                        Estetisyen, g\u00fczellik uzman\u0131 ve i\u015fletme sahibi                    <\/td>\n                                        <\/tr>\n                            <tr class=\"wpdt-cell-row \" >\n                                <td class=\"wpdt-cell wpdt-tc-1270BD\"\n                                            data-cell-id=\"A6\"\n                    data-col-index=\"0\"\n                    data-row-index=\"5\"\n                    style=\"                    padding:10px;\n                    \"\n                    >\n                                        -                    <\/td>\n                                                <td class=\"wpdt-cell wpdt-tc-FF1100\"\n                                            data-cell-id=\"B6\"\n                    data-col-index=\"1\"\n                    data-row-index=\"5\"\n                    style=\"                    padding:10px;\n                    \"\n                    >\n                                        TAMAMLANDI                    <\/td>\n                                                <td class=\"wpdt-cell \"\n                                            data-cell-id=\"C6\"\n                    data-col-index=\"2\"\n                    data-row-index=\"5\"\n                    style=\"                    padding:10px;\n                    \"\n                    >\n                                        05-09.11.2025                    <\/td>\n                                                <td class=\"wpdt-cell \"\n                                            data-cell-id=\"D6\"\n                    data-col-index=\"3\"\n                    data-row-index=\"5\"\n                    style=\"                    padding:10px;\n                    \"\n                    >\n                                        EKDD                    <\/td>\n                                                <td class=\"wpdt-cell \"\n                                            data-cell-id=\"E6\"\n                    data-col-index=\"4\"\n                    data-row-index=\"5\"\n                    style=\"                    padding:10px;\n                    \"\n                    >\n                                        Granada Luxury Belek                    <\/td>\n                                                <td class=\"wpdt-cell \"\n                                            data-cell-id=\"F6\"\n                    data-col-index=\"5\"\n                    data-row-index=\"5\"\n                    style=\"                    padding:10px;\n                    \"\n                    >\n                                        -                    <\/td>\n                                        <\/tr>\n                            <tr class=\"wpdt-cell-row \" >\n                                <td class=\"wpdt-cell wpdt-tc-1270BD\"\n                                            data-cell-id=\"A7\"\n                    data-col-index=\"0\"\n                    data-row-index=\"6\"\n                    style=\"                    padding:10px;\n                    \"\n                    >\n                                        -                    <\/td>\n                                                <td class=\"wpdt-cell wpdt-tc-FF1100\"\n                                            data-cell-id=\"B7\"\n                    data-col-index=\"1\"\n                    data-row-index=\"6\"\n                    style=\"                    padding:10px;\n                    \"\n                    >\n                                        TAMAMLANDI                    <\/td>\n                                                <td class=\"wpdt-cell wpdt-align-center\"\n                                            data-cell-id=\"C7\"\n                    data-col-index=\"2\"\n                    data-row-index=\"6\"\n                    style=\"                    padding:10px;\n                    \"\n                    >\n                                        14-  16.11.2025                    <\/td>\n                                                <td class=\"wpdt-cell wpdt-align-center\"\n                                            data-cell-id=\"D7\"\n                    data-col-index=\"3\"\n                    data-row-index=\"6\"\n                    style=\"                    padding:10px;\n                    \"\n                    >\n                                        11.CERES ETK\u0130NL\u0130K ORGAN\u0130ZASYONU                    <\/td>\n                                                <td class=\"wpdt-cell wpdt-align-center\"\n                                            data-cell-id=\"E7\"\n                    data-col-index=\"4\"\n                    data-row-index=\"6\"\n                    style=\"                    padding:10px;\n                    \"\n                    >\n                                        KAYA ARTEM\u0130S RESORT CAS\u0130NO HOTEL                    <\/td>\n                                                <td class=\"wpdt-cell wpdt-align-center\"\n                                            data-cell-id=\"F7\"\n                    data-col-index=\"5\"\n                    data-row-index=\"6\"\n                    style=\"                    padding:10px;\n                    \"\n                    >\n                                        Doktor Ve \u0130\u015fletme Sahibi                    <\/td>\n                                        <\/tr>\n                    <\/table>\n<\/div><style id='wpdt-custom-style-73'>\n.wpdt-bc-8D6F4A { background-color: #8D6F4A !important;}\n.wpdt-tc-FFFFFF { color: #FFFFFF !important;}\n.wpdt-tc-FF1100 { color: #FF1100 !important;}\n.wpdt-tc-1270BD { color: #1270BD !important;}\n<\/style>\n","protected":false},"excerpt":{"rendered":"<p>&#8220;You can discover domestic and international congresses with the events we organize as Ceres. When you apply, our customer representative will contact you as soon as possible.&#8221;<\/p>\n","protected":false},"author":1,"featured_media":426,"parent":0,"menu_order":0,"comment_status":"closed","ping_status":"closed","template":"","meta":{"om_disable_all_campaigns":false,"footnotes":""},"class_list":["post-3212","page","type-page","status-publish","has-post-thumbnail","hentry"],"blocksy_meta":[],"_links":{"self":[{"href":"https:\/\/cereskozmetik.com\/en\/wp-json\/wp\/v2\/pages\/3212","targetHints":{"allow":["GET"]}}],"collection":[{"href":"https:\/\/cereskozmetik.com\/en\/wp-json\/wp\/v2\/pages"}],"about":[{"href":"https:\/\/cereskozmetik.com\/en\/wp-json\/wp\/v2\/types\/page"}],"author":[{"embeddable":true,"href":"https:\/\/cereskozmetik.com\/en\/wp-json\/wp\/v2\/users\/1"}],"replies":[{"embeddable":true,"href":"https:\/\/cereskozmetik.com\/en\/wp-json\/wp\/v2\/comments?post=3212"}],"version-history":[{"count":1,"href":"https:\/\/cereskozmetik.com\/en\/wp-json\/wp\/v2\/pages\/3212\/revisions"}],"predecessor-version":[{"id":3213,"href":"https:\/\/cereskozmetik.com\/en\/wp-json\/wp\/v2\/pages\/3212\/revisions\/3213"}],"wp:featuredmedia":[{"embeddable":true,"href":"https:\/\/cereskozmetik.com\/en\/wp-json\/wp\/v2\/media\/426"}],"wp:attachment":[{"href":"https:\/\/cereskozmetik.com\/en\/wp-json\/wp\/v2\/media?parent=3212"}],"curies":[{"name":"wp","href":"https:\/\/api.w.org\/{rel}","templated":true}]}}