{"id":2259,"date":"2024-06-06T15:27:55","date_gmt":"2024-06-06T12:27:55","guid":{"rendered":"http:\/\/cereskozmetik.com\/new-introducing-the-ceres-microbiome-series\/"},"modified":"2024-07-10T11:05:36","modified_gmt":"2024-07-10T08:05:36","slug":"new-introducing-the-ceres-microbiome-series","status":"publish","type":"page","link":"https:\/\/cereskozmetik.com\/en\/new-introducing-the-ceres-microbiome-series\/","title":{"rendered":"New !!! Introducing the Ceres Microbiome Series"},"content":{"rendered":"\t\t<div data-elementor-type=\"wp-page\" data-elementor-id=\"2259\" class=\"elementor elementor-2259 elementor-626\">\n\t\t\t\t\t\t<section class=\"elementor-section elementor-top-section elementor-element elementor-element-51caac95 elementor-section-boxed elementor-section-height-default elementor-section-height-default\" data-id=\"51caac95\" data-element_type=\"section\" data-settings=\"{&quot;jet_parallax_layout_list&quot;:[]}\">\n\t\t\t\t\t\t<div class=\"elementor-container elementor-column-gap-default\">\n\t\t\t\t\t<div class=\"elementor-column elementor-col-100 elementor-top-column elementor-element elementor-element-782a5b58\" data-id=\"782a5b58\" data-element_type=\"column\">\n\t\t\t<div class=\"elementor-widget-wrap elementor-element-populated\">\n\t\t\t\t\t\t<div class=\"elementor-element elementor-element-405726ce elementor-widget elementor-widget-text-editor\" data-id=\"405726ce\" data-element_type=\"widget\" data-widget_type=\"text-editor.default\">\n\t\t\t\t<div class=\"elementor-widget-container\">\n\t\t\t\t\t\t\t\t\t<p>CERES, T\u00fcrkiye\u2019nin ve Avrupa\u2019n\u0131n sayg\u0131n, ba\u015far\u0131l\u0131 ve alan\u0131nda uzman bilim insanlar\u0131 ve bilim kurumlar\u0131n\u0131n \u00e7al\u0131\u015fmalar\u0131n\u0131n rehberli\u011finde 2010 y\u0131l\u0131nda % 100 yerli sermaye ile faaliyetlerine ba\u015flam\u0131\u015ft\u0131r. Uzman AR-GE kadrosuyla \u00e7al\u0131\u015fmalar\u0131n\u0131 s\u00fcrd\u00fcren Ceres, Avrupa standartlar\u0131nda \u00fcretimlerini ger\u00e7ekle\u015ftirdi\u011fi \u00fcr\u00fcnleriyle dermokozmetik sekt\u00f6r\u00fcnde yerini alm\u0131\u015ft\u0131r.<\/p>\n<p>Ceres b\u00fcnyesinde \u00fcretilen \u00fcr\u00fcnler, AR-GE a\u015famas\u0131ndan ba\u015flayan son derece titiz ve bilimsel bir yarat\u0131m ve \u00fcretim s\u00fcrecine tabi tutularak, bayii kanal\u0131yla nihai t\u00fcketiciye ula\u015f\u0131r. Ceres \u00fcr\u00fcnleri Avrupa\u2019n\u0131n en prestijli, ba\u011f\u0131ms\u0131z laboratuvarlar\u0131nda yap\u0131lan klinik \u00e7al\u0131\u015fmalar referans al\u0131narak se\u00e7ilen etken maddelerle yarat\u0131lm\u0131\u015ft\u0131r. Ceres, altyap\u0131s\u0131n\u0131 ihtiya\u00e7, kalite, titiz bilimsel \u00e7al\u0131\u015fmalar ve Avrupa standartlar\u0131nda yap\u0131lan \u00fcretim \u015fartlar\u0131yla olu\u015fturmu\u015f g\u00fc\u00e7l\u00fc bir markad\u0131r. Yola \u00e7\u0131kt\u0131\u011f\u0131m\u0131z ilk g\u00fcnden beri, kaliteli, g\u00fcvenilir, etkinli\u011fi kan\u0131tlanm\u0131\u015f, do\u011faya sayg\u0131l\u0131 ve insan sa\u011fl\u0131\u011f\u0131na zarar vermeyen \u00fcr\u00fcnler \u00fcretmek konusunda asla \u00f6d\u00fcn vermemi\u015f olman\u0131n hakl\u0131 gururunu ya\u015famaktay\u0131z.<\/p>\n<p>G\u00fc\u00e7l\u00fc ARGE merkezi ile kalitemizi, ISO 9001:2015 Kalite Y\u00f6netim Sistemi ve ISO 22716 GMP Kalite Belgeleri ile tescilleyip, yurt i\u00e7i ve yurtd\u0131\u015f\u0131nda TESC\u0130LL\u0130 ve PATENTL\u0130 \u00fcr\u00fcnlere sahiptir.<\/p>\n\t\t\t\t\t\t\t\t<\/div>\n\t\t\t\t<\/div>\n\t\t\t\t\t<\/div>\n\t\t<\/div>\n\t\t\t\t\t<\/div>\n\t\t<\/section>\n\t\t\t\t<section class=\"elementor-section elementor-top-section elementor-element elementor-element-027f025 elementor-section-boxed elementor-section-height-default elementor-section-height-default\" data-id=\"027f025\" data-element_type=\"section\" data-settings=\"{&quot;jet_parallax_layout_list&quot;:[]}\">\n\t\t\t\t\t\t<div class=\"elementor-container elementor-column-gap-default\">\n\t\t\t\t\t<div class=\"elementor-column elementor-col-100 elementor-top-column elementor-element elementor-element-b988f84\" data-id=\"b988f84\" data-element_type=\"column\">\n\t\t\t<div class=\"elementor-widget-wrap elementor-element-populated\">\n\t\t\t\t\t\t<div class=\"elementor-element elementor-element-7c83a0f elementor-widget elementor-widget-video\" data-id=\"7c83a0f\" data-element_type=\"widget\" data-settings=\"{&quot;youtube_url&quot;:&quot;https:\\\/\\\/youtu.be\\\/of8CoZUeGfU&quot;,&quot;video_type&quot;:&quot;youtube&quot;,&quot;controls&quot;:&quot;yes&quot;}\" data-widget_type=\"video.default\">\n\t\t\t\t<div class=\"elementor-widget-container\">\n\t\t\t\t\t\t\t<div class=\"elementor-wrapper elementor-open-inline\">\n\t\t\t<div class=\"elementor-video\"><\/div>\t\t<\/div>\n\t\t\t\t\t\t<\/div>\n\t\t\t\t<\/div>\n\t\t\t\t\t<\/div>\n\t\t<\/div>\n\t\t\t\t\t<\/div>\n\t\t<\/section>\n\t\t\t\t<\/div>\n\t\t","protected":false},"excerpt":{"rendered":"<p>CERES, T\u00fcrkiye\u2019nin ve Avrupa\u2019n\u0131n sayg\u0131n, ba\u015far\u0131l\u0131 ve alan\u0131nda uzman bilim insanlar\u0131 ve bilim kurumlar\u0131n\u0131n \u00e7al\u0131\u015fmalar\u0131n\u0131n rehberli\u011finde 2010 y\u0131l\u0131nda % 100 yerli sermaye ile faaliyetlerine ba\u015flam\u0131\u015ft\u0131r. Uzman AR-GE kadrosuyla \u00e7al\u0131\u015fmalar\u0131n\u0131 s\u00fcrd\u00fcren Ceres, Avrupa standartlar\u0131nda \u00fcretimlerini ger\u00e7ekle\u015ftirdi\u011fi \u00fcr\u00fcnleriyle dermokozmetik sekt\u00f6r\u00fcnde yerini alm\u0131\u015ft\u0131r. Ceres b\u00fcnyesinde \u00fcretilen \u00fcr\u00fcnler, AR-GE a\u015famas\u0131ndan ba\u015flayan son derece titiz ve bilimsel bir yarat\u0131m ve [&hellip;]<\/p>\n","protected":false},"author":1,"featured_media":426,"parent":0,"menu_order":0,"comment_status":"closed","ping_status":"closed","template":"","meta":{"om_disable_all_campaigns":false,"footnotes":""},"class_list":["post-2259","page","type-page","status-publish","has-post-thumbnail","hentry"],"blocksy_meta":{"page_structure_type":"default","styles_descriptor":{"styles":{"desktop":"","tablet":"","mobile":""},"google_fonts":[],"version":6}},"_links":{"self":[{"href":"https:\/\/cereskozmetik.com\/en\/wp-json\/wp\/v2\/pages\/2259","targetHints":{"allow":["GET"]}}],"collection":[{"href":"https:\/\/cereskozmetik.com\/en\/wp-json\/wp\/v2\/pages"}],"about":[{"href":"https:\/\/cereskozmetik.com\/en\/wp-json\/wp\/v2\/types\/page"}],"author":[{"embeddable":true,"href":"https:\/\/cereskozmetik.com\/en\/wp-json\/wp\/v2\/users\/1"}],"replies":[{"embeddable":true,"href":"https:\/\/cereskozmetik.com\/en\/wp-json\/wp\/v2\/comments?post=2259"}],"version-history":[{"count":1,"href":"https:\/\/cereskozmetik.com\/en\/wp-json\/wp\/v2\/pages\/2259\/revisions"}],"predecessor-version":[{"id":2260,"href":"https:\/\/cereskozmetik.com\/en\/wp-json\/wp\/v2\/pages\/2259\/revisions\/2260"}],"wp:featuredmedia":[{"embeddable":true,"href":"https:\/\/cereskozmetik.com\/en\/wp-json\/wp\/v2\/media\/426"}],"wp:attachment":[{"href":"https:\/\/cereskozmetik.com\/en\/wp-json\/wp\/v2\/media?parent=2259"}],"curies":[{"name":"wp","href":"https:\/\/api.w.org\/{rel}","templated":true}]}}