{"id":2234,"date":"2024-06-06T10:58:36","date_gmt":"2024-06-06T07:58:36","guid":{"rendered":"http:\/\/cereskozmetik.com\/crs\/"},"modified":"2024-07-10T10:56:51","modified_gmt":"2024-07-10T07:56:51","slug":"crs","status":"publish","type":"page","link":"https:\/\/cereskozmetik.com\/en\/crs\/","title":{"rendered":"CRS"},"content":{"rendered":"\t\t<div data-elementor-type=\"wp-page\" data-elementor-id=\"2234\" class=\"elementor elementor-2234 elementor-545\">\n\t\t\t\t\t\t<section class=\"elementor-section elementor-top-section elementor-element elementor-element-a07b6e1 elementor-section-boxed elementor-section-height-default elementor-section-height-default\" data-id=\"a07b6e1\" data-element_type=\"section\" data-settings=\"{&quot;jet_parallax_layout_list&quot;:[]}\">\n\t\t\t\t\t\t<div class=\"elementor-container elementor-column-gap-default\">\n\t\t\t\t\t<div class=\"elementor-column elementor-col-100 elementor-top-column elementor-element elementor-element-f433a29\" data-id=\"f433a29\" data-element_type=\"column\">\n\t\t\t<div class=\"elementor-widget-wrap elementor-element-populated\">\n\t\t\t\t\t\t<div class=\"elementor-element elementor-element-bad49e2 elementor-widget elementor-widget-jet-woo-categories\" data-id=\"bad49e2\" data-element_type=\"widget\" data-settings=\"{&quot;columns&quot;:&quot;3&quot;,&quot;columns_tablet&quot;:2,&quot;columns_mobile&quot;:1}\" data-widget_type=\"jet-woo-categories.default\">\n\t\t\t\t<div class=\"elementor-widget-container\">\n\t\t\t\t\t<div class=\"elementor-jet-woo-categories jet-woo-builder\"><div class=\"jet-woo-categories jet-woo-categories--preset-1 col-row  \" data-mobile-hover=\"\">\n<div class=\"jet-woo-categories__item \">\n\t<div class=\"jet-woo-categories__inner-box\"  >\n\t\t\n<div class=\"jet-woo-categories-thumbnail__wrap\">\n\t\n<div class=\"jet-woo-category-thumbnail\">\n\t<a href=\"https:\/\/cereskozmetik.com\/en\/urun-kategori\/crs-en\/cabin-size-products-supplements\/\"  rel=\"bookmark\">\n\t\t<img fetchpriority=\"high\" decoding=\"async\" width=\"370\" height=\"240\" src=\"https:\/\/cereskozmetik.com\/wp-content\/uploads\/2024\/06\/3249dab9-5d34-4f2a-b505-68bbbd27788c.jpg\" class=\"attachment-full size-full\" alt=\"\" srcset=\"https:\/\/cereskozmetik.com\/wp-content\/uploads\/2024\/06\/3249dab9-5d34-4f2a-b505-68bbbd27788c.jpg 370w, https:\/\/cereskozmetik.com\/wp-content\/uploads\/2024\/06\/3249dab9-5d34-4f2a-b505-68bbbd27788c-300x195.jpg 300w\" sizes=\"(max-width: 370px) 100vw, 370px\" \/>\t<\/a>\n\t<div class=\"jet-woo-category-img-overlay\"><\/div>\n\t<div class=\"jet-woo-category-img-overlay__hover\"><\/div>\n<\/div>\n\t<div class=\"jet-woo-category-count__wrap\">\n\t\t\t<\/div>\n<\/div>\n\n<div class=\"jet-woo-categories-content\">\n\t<h5 class=\"jet-woo-category-title\" ><a href=\"https:\/\/cereskozmetik.com\/en\/urun-kategori\/crs-en\/cabin-size-products-supplements\/\" class=\"jet-woo-category-title__link\" >Cabin Size Products Supplements<\/a><\/h5><\/div>\t<\/div>\n\n\t<\/div>\n<div class=\"jet-woo-categories__item \">\n\t<div class=\"jet-woo-categories__inner-box\"  >\n\t\t\n<div class=\"jet-woo-categories-thumbnail__wrap\">\n\t\n<div class=\"jet-woo-category-thumbnail\">\n\t<a href=\"https:\/\/cereskozmetik.com\/en\/urun-kategori\/crs-en\/face-body-care-and-renovation-series\/\"  rel=\"bookmark\">\n\t\t<img decoding=\"async\" width=\"370\" height=\"240\" src=\"https:\/\/cereskozmetik.com\/wp-content\/uploads\/2024\/06\/a1036ded-1a97-4ff8-be96-688a3bcefb48.jpg\" class=\"attachment-full size-full\" alt=\"\" srcset=\"https:\/\/cereskozmetik.com\/wp-content\/uploads\/2024\/06\/a1036ded-1a97-4ff8-be96-688a3bcefb48.jpg 370w, https:\/\/cereskozmetik.com\/wp-content\/uploads\/2024\/06\/a1036ded-1a97-4ff8-be96-688a3bcefb48-300x195.jpg 300w\" sizes=\"(max-width: 370px) 100vw, 370px\" \/>\t<\/a>\n\t<div class=\"jet-woo-category-img-overlay\"><\/div>\n\t<div class=\"jet-woo-category-img-overlay__hover\"><\/div>\n<\/div>\n\t<div class=\"jet-woo-category-count__wrap\">\n\t\t\t<\/div>\n<\/div>\n\n<div class=\"jet-woo-categories-content\">\n\t<h5 class=\"jet-woo-category-title\" ><a href=\"https:\/\/cereskozmetik.com\/en\/urun-kategori\/crs-en\/face-body-care-and-renovation-series\/\" class=\"jet-woo-category-title__link\" >Face &amp; Body Care and Renovation Series<\/a><\/h5><\/div>\t<\/div>\n\n\t<\/div>\n<div class=\"jet-woo-categories__item \">\n\t<div class=\"jet-woo-categories__inner-box\"  >\n\t\t\n<div class=\"jet-woo-categories-thumbnail__wrap\">\n\t\n<div class=\"jet-woo-category-thumbnail\">\n\t<a href=\"https:\/\/cereskozmetik.com\/en\/urun-kategori\/crs-en\/sunscreen-series\/\"  rel=\"bookmark\">\n\t\t<img decoding=\"async\" width=\"370\" height=\"240\" src=\"https:\/\/cereskozmetik.com\/wp-content\/uploads\/2024\/06\/a3dc282d-9a3b-4050-b492-e432aa1f3f60.jpg\" class=\"attachment-full size-full\" alt=\"\" srcset=\"https:\/\/cereskozmetik.com\/wp-content\/uploads\/2024\/06\/a3dc282d-9a3b-4050-b492-e432aa1f3f60.jpg 370w, https:\/\/cereskozmetik.com\/wp-content\/uploads\/2024\/06\/a3dc282d-9a3b-4050-b492-e432aa1f3f60-300x195.jpg 300w\" sizes=\"(max-width: 370px) 100vw, 370px\" \/>\t<\/a>\n\t<div class=\"jet-woo-category-img-overlay\"><\/div>\n\t<div class=\"jet-woo-category-img-overlay__hover\"><\/div>\n<\/div>\n\t<div class=\"jet-woo-category-count__wrap\">\n\t\t\t<\/div>\n<\/div>\n\n<div class=\"jet-woo-categories-content\">\n\t<h5 class=\"jet-woo-category-title\" ><a href=\"https:\/\/cereskozmetik.com\/en\/urun-kategori\/crs-en\/sunscreen-series\/\" class=\"jet-woo-category-title__link\" >Sunscreen Series<\/a><\/h5><\/div>\t<\/div>\n\n\t<\/div><\/div>\n<\/div>\t\t\t\t<\/div>\n\t\t\t\t<\/div>\n\t\t\t\t\t<\/div>\n\t\t<\/div>\n\t\t\t\t\t<\/div>\n\t\t<\/section>\n\t\t\t\t<\/div>\n\t\t","protected":false},"excerpt":{"rendered":"<p>G\u00fcne\u015f Koruyucu Serisi Kabin \u00dcr\u00fcn Takviyeleri Y\u00fcz ve V\u00fccut Bak\u0131m &amp; Onar\u0131m Serisi<\/p>\n","protected":false},"author":1,"featured_media":426,"parent":0,"menu_order":0,"comment_status":"closed","ping_status":"closed","template":"","meta":{"om_disable_all_campaigns":false,"footnotes":""},"class_list":["post-2234","page","type-page","status-publish","has-post-thumbnail","hentry"],"blocksy_meta":[],"_links":{"self":[{"href":"https:\/\/cereskozmetik.com\/en\/wp-json\/wp\/v2\/pages\/2234","targetHints":{"allow":["GET"]}}],"collection":[{"href":"https:\/\/cereskozmetik.com\/en\/wp-json\/wp\/v2\/pages"}],"about":[{"href":"https:\/\/cereskozmetik.com\/en\/wp-json\/wp\/v2\/types\/page"}],"author":[{"embeddable":true,"href":"https:\/\/cereskozmetik.com\/en\/wp-json\/wp\/v2\/users\/1"}],"replies":[{"embeddable":true,"href":"https:\/\/cereskozmetik.com\/en\/wp-json\/wp\/v2\/comments?post=2234"}],"version-history":[{"count":1,"href":"https:\/\/cereskozmetik.com\/en\/wp-json\/wp\/v2\/pages\/2234\/revisions"}],"predecessor-version":[{"id":2235,"href":"https:\/\/cereskozmetik.com\/en\/wp-json\/wp\/v2\/pages\/2234\/revisions\/2235"}],"wp:featuredmedia":[{"embeddable":true,"href":"https:\/\/cereskozmetik.com\/en\/wp-json\/wp\/v2\/media\/426"}],"wp:attachment":[{"href":"https:\/\/cereskozmetik.com\/en\/wp-json\/wp\/v2\/media?parent=2234"}],"curies":[{"name":"wp","href":"https:\/\/api.w.org\/{rel}","templated":true}]}}