{"id":2228,"date":"2024-06-08T10:52:46","date_gmt":"2024-06-08T07:52:46","guid":{"rendered":"http:\/\/cereskozmetik.com\/ceres-defensive-series-mineral-protection-spf-50\/"},"modified":"2024-07-10T10:55:28","modified_gmt":"2024-07-10T07:55:28","slug":"ceres-defensive-series-mineral-protection-spf-50","status":"publish","type":"page","link":"https:\/\/cereskozmetik.com\/en\/ceres-defensive-series-mineral-protection-spf-50\/","title":{"rendered":"Ceres Defensive Series Mineral Protection Spf 50"},"content":{"rendered":"<p>Ceres, T\u00fcrkiye\u2019nin ve Avrupa\u2019n\u0131n sayg\u0131n, ba\u015far\u0131l\u0131 ve alan\u0131nda uzman bilim insanlar\u0131 ve bilim kurumlar\u0131n\u0131n \u00e7al\u0131\u015fmalar\u0131n\u0131n rehberli\u011finde 2010 y\u0131l\u0131nda faaliyetlerine ba\u015flam\u0131\u015ft\u0131r. Uzman Ar-Ge kadrosuyla \u00e7al\u0131\u015fmalar\u0131n\u0131 s\u00fcrd\u00fcren Ceres, Avrupa standartlar\u0131nda \u00fcretimlerini ger\u00e7ekle\u015ftirildi\u011fi \u00fcr\u00fcnleriyle dermokozmetik sekt\u00f6r\u00fcnde yerini alm\u0131\u015ft\u0131r.<\/p>","protected":false},"excerpt":{"rendered":"<p>Ceres, T\u00fcrkiye\u2019nin ve Avrupa\u2019n\u0131n sayg\u0131n, ba\u015far\u0131l\u0131 ve alan\u0131nda uzman bilim insanlar\u0131 ve bilim kurumlar\u0131n\u0131n \u00e7al\u0131\u015fmalar\u0131n\u0131n rehberli\u011finde 2010 y\u0131l\u0131nda faaliyetlerine ba\u015flam\u0131\u015ft\u0131r. Uzman Ar-Ge kadrosuyla \u00e7al\u0131\u015fmalar\u0131n\u0131 s\u00fcrd\u00fcren Ceres, Avrupa standartlar\u0131nda \u00fcretimlerini ger\u00e7ekle\u015ftirildi\u011fi \u00fcr\u00fcnleriyle dermokozmetik sekt\u00f6r\u00fcnde yerini alm\u0131\u015ft\u0131r.<\/p>\n","protected":false},"author":1,"featured_media":426,"parent":0,"menu_order":0,"comment_status":"closed","ping_status":"closed","template":"","meta":{"om_disable_all_campaigns":false,"footnotes":""},"class_list":["post-2228","page","type-page","status-publish","has-post-thumbnail","hentry"],"blocksy_meta":[],"_links":{"self":[{"href":"https:\/\/cereskozmetik.com\/en\/wp-json\/wp\/v2\/pages\/2228","targetHints":{"allow":["GET"]}}],"collection":[{"href":"https:\/\/cereskozmetik.com\/en\/wp-json\/wp\/v2\/pages"}],"about":[{"href":"https:\/\/cereskozmetik.com\/en\/wp-json\/wp\/v2\/types\/page"}],"author":[{"embeddable":true,"href":"https:\/\/cereskozmetik.com\/en\/wp-json\/wp\/v2\/users\/1"}],"replies":[{"embeddable":true,"href":"https:\/\/cereskozmetik.com\/en\/wp-json\/wp\/v2\/comments?post=2228"}],"version-history":[{"count":1,"href":"https:\/\/cereskozmetik.com\/en\/wp-json\/wp\/v2\/pages\/2228\/revisions"}],"predecessor-version":[{"id":2229,"href":"https:\/\/cereskozmetik.com\/en\/wp-json\/wp\/v2\/pages\/2228\/revisions\/2229"}],"wp:featuredmedia":[{"embeddable":true,"href":"https:\/\/cereskozmetik.com\/en\/wp-json\/wp\/v2\/media\/426"}],"wp:attachment":[{"href":"https:\/\/cereskozmetik.com\/en\/wp-json\/wp\/v2\/media?parent=2228"}],"curies":[{"name":"wp","href":"https:\/\/api.w.org\/{rel}","templated":true}]}}